{"id":1339,"date":"2024-08-12T16:39:45","date_gmt":"2024-08-12T14:39:45","guid":{"rendered":"https:\/\/honey4detailing.com\/?page_id=1339"},"modified":"2024-10-08T12:22:17","modified_gmt":"2024-10-08T10:22:17","slug":"gabka-polerskia-hills","status":"publish","type":"page","link":"https:\/\/honey4detailing.com\/pl\/gabka-polerskia-hills\/","title":{"rendered":"G\u0105bka polerskia hills"},"content":{"rendered":"<div id=\"7\" class=\"fusion-container-anchor\"><div class=\"fusion-fullwidth fullwidth-box fusion-builder-row-1 fusion-flex-container has-pattern-background has-mask-background hundred-percent-fullwidth hundred-percent-height hundred-percent-height-center-content non-hundred-percent-height-scrolling\" style=\"--awb-border-sizes-top:2px;--awb-border-radius-top-left:0px;--awb-border-radius-top-right:0px;--awb-border-radius-bottom-right:0px;--awb-border-radius-bottom-left:0px;--awb-padding-top:0px;--awb-padding-right:0%;--awb-background-color:var(--awb-color7);--awb-flex-wrap:wrap;\" ><div class=\"fusion-builder-row fusion-row fusion-flex-align-items-center fusion-flex-content-wrap\" style=\"width:104% !important;max-width:104% !important;margin-left: calc(-4% \/ 2 );margin-right: calc(-4% \/ 2 );\"><div class=\"fusion-layout-column fusion_builder_column fusion-builder-column-0 fusion-flex-column\" style=\"--awb-padding-right-small:24.9876px;--awb-bg-size:cover;--awb-width-large:48%;--awb-margin-top-large:0px;--awb-spacing-right-large:1.8%;--awb-margin-bottom-large:20px;--awb-spacing-left-large:10%;--awb-width-medium:48%;--awb-order-medium:0;--awb-spacing-right-medium:1.8%;--awb-spacing-left-medium:10%;--awb-width-small:100%;--awb-order-small:0;--awb-spacing-right-small:1.92%;--awb-spacing-left-small:1.92%;\"><div class=\"fusion-column-wrapper fusion-column-has-shadow fusion-flex-justify-content-flex-start fusion-content-layout-column\"><div class=\"fusion-title title fusion-title-1 fusion-sep-none fusion-title-text fusion-title-size-two\" style=\"--awb-text-color:var(--awb-color4);--awb-margin-top-small:10px;--awb-margin-right-small:0px;--awb-margin-bottom-small:10px;--awb-margin-left-small:0px;--awb-font-size:30px;\"><h2 class=\"fusion-title-heading title-heading-left\" style=\"font-family:&quot;Ubuntu&quot;;font-style:normal;font-weight:700;margin:0;font-size:1em;\"><span style=\"color: var(--awb-color1);\">PAD POLERSKI <\/span>HILLS<\/h2><\/div><div class=\"fusion-text fusion-text-1\"><div align=\"justify\">\n<p>HoneyCombination Hills to g\u0105bka polerska przeznaczona do maszyn rotacyjnych. Wykonana z piany zamkni\u0119tokom\u00f3rkowej. Hills oferuje szerokie spektrum parametr\u00f3w, u\u0142atwiaj\u0105c dopasowanie g\u0105bki do ka\u017cdego rodzaju obr\u00f3bki polerskiej i ka\u017cdej powierzchni. Dobra jako\u015b\u0107 wypr\u00f3bowanej piany i precyzyjne wykonanie przek\u0142adaj\u0105 si\u0119 na wysok\u0105 trwa\u0142o\u015b\u0107 pada. Z kolei wysoki komfort pracy, elastyczno\u015b\u0107, mo\u017cliwo\u015b\u0107 bardzo d\u0142ugiego i r\u00f3wnomiernego wypracowywania pasty sprawiaj\u0105, \u017ce g\u0105bki z serii Hills s\u0105 padem cz\u0119sto polecanymi u\u017cytkownikom pocz\u0105tkuj\u0105cym.Wyprodukowana z wyselekcjonowanych materia\u0142\u00f3w wysokiej jako\u015bci nadaje si\u0119 do wielokrotnego u\u017cytku.<\/p>\n<\/div>\n<\/div><div class=\"fusion-text fusion-text-2\"><p><strong>WSPO\u0141PRACUJE OPTYMALNIE Z PASTAMI POLERSKIMI:<\/strong><br \/><a href=\"\/pasty-polerskie\/#_4\">Honey Combination Finishing Compound 3<\/a><br \/><a href=\"\/pasty-polerskie\/#_5\">Honey Combination Finishing Compound 3+<\/a><\/p>\n<\/div><div class=\"fusion-builder-row fusion-builder-row-inner fusion-row fusion-flex-align-items-center fusion-flex-content-wrap\" style=\"--awb-flex-grow:0;--awb-flex-grow-medium:0;--awb-flex-grow-small:0;--awb-flex-shrink:0;--awb-flex-shrink-medium:0;--awb-flex-shrink-small:0;width:104% !important;max-width:104% !important;margin-left: calc(-4% \/ 2 );margin-right: calc(-4% \/ 2 );\"><div class=\"fusion-layout-column fusion_builder_column_inner fusion-builder-nested-column-0 fusion_builder_column_inner_2_3 2_3 fusion-flex-column fusion-flex-align-self-flex-start\" style=\"--awb-bg-size:cover;--awb-border-color:var(--awb-color4);--awb-border-style:solid;--awb-width-large:66.666666666667%;--awb-margin-top-large:0px;--awb-spacing-right-large:2.88%;--awb-margin-bottom-large:20px;--awb-spacing-left-large:2.88%;--awb-width-medium:66.666666666667%;--awb-order-medium:0;--awb-spacing-right-medium:2.88%;--awb-spacing-left-medium:2.88%;--awb-width-small:100%;--awb-order-small:0;--awb-spacing-right-small:1.92%;--awb-spacing-left-small:1.92%;\"><div class=\"fusion-column-wrapper fusion-column-has-shadow fusion-flex-justify-content-flex-start fusion-content-layout-column\"><div class=\"fusion-text fusion-text-3\" style=\"--awb-font-size:14px;--awb-text-color:var(--awb-color4);\"><p><strong>WYMIARY<\/strong><\/p>\n<\/div><div class=\"fusion-image-element \" style=\"--awb-caption-title-font-family:var(--h2_typography-font-family);--awb-caption-title-font-weight:var(--h2_typography-font-weight);--awb-caption-title-font-style:var(--h2_typography-font-style);--awb-caption-title-size:var(--h2_typography-font-size);--awb-caption-title-transform:var(--h2_typography-text-transform);--awb-caption-title-line-height:var(--h2_typography-line-height);--awb-caption-title-letter-spacing:var(--h2_typography-letter-spacing);\"><span class=\" fusion-imageframe imageframe-none imageframe-1 hover-type-none\"><img decoding=\"async\" width=\"1000\" height=\"229\" title=\"hills\" src=\"https:\/\/honey4detailing.com\/wp-content\/uploads\/2024\/07\/hills.png\" alt class=\"img-responsive wp-image-1027\" srcset=\"https:\/\/honey4detailing.com\/wp-content\/uploads\/2024\/07\/hills-200x46.png 200w, https:\/\/honey4detailing.com\/wp-content\/uploads\/2024\/07\/hills-400x92.png 400w, https:\/\/honey4detailing.com\/wp-content\/uploads\/2024\/07\/hills-600x137.png 600w, https:\/\/honey4detailing.com\/wp-content\/uploads\/2024\/07\/hills-800x183.png 800w, https:\/\/honey4detailing.com\/wp-content\/uploads\/2024\/07\/hills.png 1000w\" sizes=\"(max-width: 640px) 100vw, 800px\" \/><\/span><\/div><\/div><\/div><div class=\"fusion-layout-column fusion_builder_column_inner fusion-builder-nested-column-1 fusion_builder_column_inner_1_3 1_3 fusion-flex-column fusion-flex-align-self-flex-start\" style=\"--awb-bg-size:cover;--awb-border-color:var(--awb-color4);--awb-border-style:solid;--awb-width-large:33.333333333333%;--awb-margin-top-large:0px;--awb-spacing-right-large:5.76%;--awb-margin-bottom-large:20px;--awb-spacing-left-large:5.76%;--awb-width-medium:33.333333333333%;--awb-order-medium:0;--awb-spacing-right-medium:5.76%;--awb-spacing-left-medium:5.76%;--awb-width-small:100%;--awb-order-small:0;--awb-spacing-right-small:1.92%;--awb-spacing-left-small:1.92%;\"><div class=\"fusion-column-wrapper fusion-column-has-shadow fusion-flex-justify-content-flex-start fusion-content-layout-column\"><div class=\"fusion-text fusion-text-4\" style=\"--awb-font-size:14px;--awb-text-color:var(--awb-color4);\"><p style=\"text-align: center;\"><strong>MASZYNA<\/strong><\/p>\n<\/div><div class=\"fusion-image-element \" style=\"text-align:center;--awb-max-width:70px;--awb-caption-title-font-family:var(--h2_typography-font-family);--awb-caption-title-font-weight:var(--h2_typography-font-weight);--awb-caption-title-font-style:var(--h2_typography-font-style);--awb-caption-title-size:var(--h2_typography-font-size);--awb-caption-title-transform:var(--h2_typography-text-transform);--awb-caption-title-line-height:var(--h2_typography-line-height);--awb-caption-title-letter-spacing:var(--h2_typography-letter-spacing);\"><span class=\" fusion-imageframe imageframe-none imageframe-2 hover-type-none\"><img decoding=\"async\" width=\"88\" height=\"97\" title=\"rotary-action\" src=\"https:\/\/honey4detailing.com\/wp-content\/uploads\/2024\/07\/rotary-action.png\" alt class=\"img-responsive wp-image-1020\"\/><\/span><\/div><\/div><\/div><\/div><\/div><\/div><div class=\"fusion-layout-column fusion_builder_column fusion-builder-column-1 fusion-flex-column\" style=\"--awb-bg-size:cover;--awb-width-large:45%;--awb-margin-top-large:0px;--awb-spacing-right-large:4.2666666666667%;--awb-margin-bottom-large:20px;--awb-spacing-left-large:4.2666666666667%;--awb-width-medium:45%;--awb-order-medium:0;--awb-spacing-right-medium:4.2666666666667%;--awb-spacing-left-medium:4.2666666666667%;--awb-width-small:100%;--awb-order-small:0;--awb-spacing-right-small:1.92%;--awb-spacing-left-small:1.92%;\"><div class=\"fusion-column-wrapper fusion-column-has-shadow fusion-flex-justify-content-center fusion-content-layout-column\"><div class=\"fusion-image-element \" style=\"text-align:center;--awb-max-width:80%;--awb-caption-title-font-family:var(--h2_typography-font-family);--awb-caption-title-font-weight:var(--h2_typography-font-weight);--awb-caption-title-font-style:var(--h2_typography-font-style);--awb-caption-title-size:var(--h2_typography-font-size);--awb-caption-title-transform:var(--h2_typography-text-transform);--awb-caption-title-line-height:var(--h2_typography-line-height);--awb-caption-title-letter-spacing:var(--h2_typography-letter-spacing);\"><span class=\" fusion-imageframe imageframe-none imageframe-3 hover-type-none\"><img decoding=\"async\" width=\"800\" height=\"800\" title=\"hills\" src=\"https:\/\/honey4detailing.com\/wp-content\/uploads\/2024\/07\/hills.jpg\" alt class=\"img-responsive wp-image-881\" srcset=\"https:\/\/honey4detailing.com\/wp-content\/uploads\/2024\/07\/hills-200x200.jpg 200w, https:\/\/honey4detailing.com\/wp-content\/uploads\/2024\/07\/hills-400x400.jpg 400w, https:\/\/honey4detailing.com\/wp-content\/uploads\/2024\/07\/hills-600x600.jpg 600w, https:\/\/honey4detailing.com\/wp-content\/uploads\/2024\/07\/hills.jpg 800w\" sizes=\"(max-width: 640px) 100vw, 800px\" \/><\/span><\/div><div class=\"fusion-image-element \" style=\"text-align:center;--awb-max-width:80%;--awb-caption-title-font-family:var(--h2_typography-font-family);--awb-caption-title-font-weight:var(--h2_typography-font-weight);--awb-caption-title-font-style:var(--h2_typography-font-style);--awb-caption-title-size:var(--h2_typography-font-size);--awb-caption-title-transform:var(--h2_typography-text-transform);--awb-caption-title-line-height:var(--h2_typography-line-height);--awb-caption-title-letter-spacing:var(--h2_typography-letter-spacing);\"><span class=\" fusion-imageframe imageframe-none imageframe-4 hover-type-none\"><img decoding=\"async\" width=\"600\" height=\"131\" title=\"poziom-pad-hills\" src=\"https:\/\/honey4detailing.com\/wp-content\/uploads\/2024\/07\/poziom-pad-hills.png\" alt class=\"img-responsive wp-image-894\" srcset=\"https:\/\/honey4detailing.com\/wp-content\/uploads\/2024\/07\/poziom-pad-hills-200x44.png 200w, https:\/\/honey4detailing.com\/wp-content\/uploads\/2024\/07\/poziom-pad-hills-400x87.png 400w, https:\/\/honey4detailing.com\/wp-content\/uploads\/2024\/07\/poziom-pad-hills.png 600w\" sizes=\"(max-width: 640px) 100vw, 600px\" \/><\/span><\/div><\/div><\/div><\/div><\/div><\/div>\n","protected":false},"excerpt":{"rendered":"","protected":false},"author":1,"featured_media":0,"parent":0,"menu_order":0,"comment_status":"closed","ping_status":"closed","template":"100-width.php","meta":{"footnotes":""},"class_list":["post-1339","page","type-page","status-publish","hentry"],"_links":{"self":[{"href":"https:\/\/honey4detailing.com\/pl\/wp-json\/wp\/v2\/pages\/1339","targetHints":{"allow":["GET"]}}],"collection":[{"href":"https:\/\/honey4detailing.com\/pl\/wp-json\/wp\/v2\/pages"}],"about":[{"href":"https:\/\/honey4detailing.com\/pl\/wp-json\/wp\/v2\/types\/page"}],"author":[{"embeddable":true,"href":"https:\/\/honey4detailing.com\/pl\/wp-json\/wp\/v2\/users\/1"}],"replies":[{"embeddable":true,"href":"https:\/\/honey4detailing.com\/pl\/wp-json\/wp\/v2\/comments?post=1339"}],"version-history":[{"count":7,"href":"https:\/\/honey4detailing.com\/pl\/wp-json\/wp\/v2\/pages\/1339\/revisions"}],"predecessor-version":[{"id":2170,"href":"https:\/\/honey4detailing.com\/pl\/wp-json\/wp\/v2\/pages\/1339\/revisions\/2170"}],"wp:attachment":[{"href":"https:\/\/honey4detailing.com\/pl\/wp-json\/wp\/v2\/media?parent=1339"}],"curies":[{"name":"wp","href":"https:\/\/api.w.org\/{rel}","templated":true}]}}